{"id":2,"date":"2024-02-13T09:47:53","date_gmt":"2024-02-13T09:47:53","guid":{"rendered":"https:\/\/farnostchropyne.cz\/web\/?page_id=2"},"modified":"2026-04-10T14:18:29","modified_gmt":"2026-04-10T14:18:29","slug":"kontakty","status":"publish","type":"page","link":"https:\/\/farnostchropyne.cz\/web\/kontakty\/","title":{"rendered":"Kontakty"},"content":{"rendered":"\n<h1 class=\"wp-block-heading\">\u0158\u00edmskokatolick\u00e1 farnost Chropyn\u011b<\/h1>\n\n\n\n<p>S\u00eddlo: Komensk\u00e9ho 31, 768 11 Chropyn\u011b<br>I\u010cO: 18189415<br>\u010c.\u00fa.: 234&nbsp;820&nbsp;570 \/ 0300<\/p>\n\n\n\n<p>Kontakty<br>Web:<a href=\"http:\/\/www.farnostchropyne.cz\">www.farnostchropyne.cz<\/a><br>E-mail: fachropyne@ado.cz<br>IDDS: fz2iper<\/p>\n\n\n\n<p>Osoby ve farnosti<br>P. pplk. Mgr. Josef KONE\u010cN\u00dd &#8211; far\u00e1\u0159<br>Tel.: 724 244 793<\/p>\n\n\n\n<p>Farnost zasahuje do obc\u00ed<br>Chropyn\u011b<br>Z\u00e1\u0159\u00ed\u010d\u00ed<\/p>\n\n\n\n<h1 class=\"wp-block-heading\">\u0158\u00edmskokatolick\u00e1 farnost B\u0159est<\/h1>\n\n\n\n<p>S\u00eddlo: N\u00e1ves 18, 768 23 B\u0159est<br>Kontaktn\u00ed adresa: Komensk\u00e9ho 31, 768 11 Chropyn\u011b<br>I\u010cO: 46998250<br>\u010c.\u00fa.: 220&nbsp;800&nbsp;261 \/ 0300<\/p>\n\n\n\n<p>Kontakty<br>Web: <a href=\"http:\/\/www.farnostchropyne.cz\">www.farnostchropyne.cz<\/a><br>E-mail: fabrest@ado.cz<br>IDDS: rhvuz73<\/p>\n\n\n\n<p>Osoby ve farnosti<br><a href=\"https:\/\/www.ado.cz\/katalog\/www\/osoby\/29B9D713-9BA1-41B0-B70F-CF0D4C134128\" target=\"_blank\" rel=\"noreferrer noopener\">P. pplk. Mgr. Josef KONE\u010cN\u00dd &#8211; administr\u00e1tor excurrendo<\/a><br>Tel.: 724 244 793<\/p>\n\n\n\n<p>Farnost zasahuje do obc\u00ed<br>B\u0159est<\/p>\n\n\n\n<h1 class=\"wp-block-heading\">\u0158\u00edmskokatolick\u00e1 farnost Kyselovice<\/h1>\n\n\n\n<p>S\u00eddlo: Kyselovice 61, 768 11 Kyselovice<br>Kontaktn\u00ed adresa: Stojanovo n\u00e1m\u011bst\u00ed 5\/3, 767 01 Krom\u011b\u0159\u00ed\u017e<br>I\u010cO: 46998381<br>\u010c.\u00fa.: 211&nbsp;273&nbsp;340 \/ 0300<\/p>\n\n\n\n<p>Kontakty<br>Web: <a href=\"http:\/\/www.farnostchropyne.cz\">www.farnostchropyne.cz<\/a><br>E-mail: fakyselovice@ado.cz<br>IDDS: 5gauz8a<\/p>\n\n\n\n<p>Web: <a href=\"http:\/\/www.farnostkromeriz.cz\" target=\"_blank\" rel=\"noreferrer noopener\">www.farnostkromeriz.cz<\/a><br>E-mail: fakromeriz-smo@ado.cz<br>Tel: 573 338 952<br>IDDS: 53rvane<\/p>\n\n\n\n<p>Osoby ve farnosti<br><a href=\"https:\/\/www.ado.cz\/katalog\/www\/osoby\/AEDFAA98-D0C6-498A-BD6E-A48B85D669F1\" target=\"_blank\" rel=\"noreferrer noopener\">P. Mgr. Pavel HOF\u00cdREK &#8211; administr\u00e1tor excurrendo<\/a><br><a href=\"https:\/\/www.ado.cz\/katalog\/www\/osoby\/C1B55B1E-A14B-416D-83CE-4EE724CF032B\" target=\"_blank\" rel=\"noreferrer noopener\">P. Mgr. Petr UT\u00cdKAL &#8211; kaplan excurrendo<\/a><\/p>\n\n\n\n<p>Farnost zasahuje do obc\u00ed<br>Kyselovice<\/p>\n\n\n\n<p><\/p>\n","protected":false},"excerpt":{"rendered":"<p>\u0158\u00edmskokatolick\u00e1 farnost Chropyn\u011b S\u00eddlo: Komensk\u00e9ho 31, 768 11 Chropyn\u011bI\u010cO: 18189415\u010c.\u00fa.: 234&nbsp;820&nbsp;570 \/ 0300 KontaktyWeb:www.farnostchropyne.czE-mail: fachropyne@ado.czIDDS: fz2iper Osoby ve farnostiP. pplk. Mgr. Josef KONE\u010cN\u00dd &#8211; far\u00e1\u0159Tel.: 724 244 793 Farnost zasahuje&hellip;<\/p>\n","protected":false},"author":1,"featured_media":0,"parent":0,"menu_order":0,"comment_status":"closed","ping_status":"open","template":"","meta":{"footnotes":""},"class_list":["post-2","page","type-page","status-publish","hentry"],"_links":{"self":[{"href":"https:\/\/farnostchropyne.cz\/web\/wp-json\/wp\/v2\/pages\/2","targetHints":{"allow":["GET"]}}],"collection":[{"href":"https:\/\/farnostchropyne.cz\/web\/wp-json\/wp\/v2\/pages"}],"about":[{"href":"https:\/\/farnostchropyne.cz\/web\/wp-json\/wp\/v2\/types\/page"}],"author":[{"embeddable":true,"href":"https:\/\/farnostchropyne.cz\/web\/wp-json\/wp\/v2\/users\/1"}],"replies":[{"embeddable":true,"href":"https:\/\/farnostchropyne.cz\/web\/wp-json\/wp\/v2\/comments?post=2"}],"version-history":[{"count":15,"href":"https:\/\/farnostchropyne.cz\/web\/wp-json\/wp\/v2\/pages\/2\/revisions"}],"predecessor-version":[{"id":1599,"href":"https:\/\/farnostchropyne.cz\/web\/wp-json\/wp\/v2\/pages\/2\/revisions\/1599"}],"wp:attachment":[{"href":"https:\/\/farnostchropyne.cz\/web\/wp-json\/wp\/v2\/media?parent=2"}],"curies":[{"name":"wp","href":"https:\/\/api.w.org\/{rel}","templated":true}]}}