{"id":19,"date":"2024-02-13T10:12:19","date_gmt":"2024-02-13T10:12:19","guid":{"rendered":"https:\/\/farnostchropyne.cz\/web\/?page_id=19"},"modified":"2025-01-15T09:56:24","modified_gmt":"2025-01-15T09:56:24","slug":"odkazy","status":"publish","type":"page","link":"https:\/\/farnostchropyne.cz\/web\/odkazy\/","title":{"rendered":"Odkazy"},"content":{"rendered":"\n<figure class=\"wp-block-image size-large\"><img loading=\"lazy\" decoding=\"async\" width=\"1024\" height=\"748\" src=\"https:\/\/farnostchropyne.cz\/web\/wp-content\/uploads\/2024\/06\/image-4-1024x748.png\" alt=\"\" class=\"wp-image-244\" srcset=\"https:\/\/farnostchropyne.cz\/web\/wp-content\/uploads\/2024\/06\/image-4-1024x748.png 1024w, https:\/\/farnostchropyne.cz\/web\/wp-content\/uploads\/2024\/06\/image-4-300x219.png 300w, https:\/\/farnostchropyne.cz\/web\/wp-content\/uploads\/2024\/06\/image-4-768x561.png 768w, https:\/\/farnostchropyne.cz\/web\/wp-content\/uploads\/2024\/06\/image-4.png 1234w\" sizes=\"auto, (max-width: 1024px) 100vw, 1024px\" \/><\/figure>\n\n\n\n<p><\/p>\n\n\n\n<p><strong>C\u00edrkev:<\/strong><br><a href=\"http:\/\/www.cirkev.cz\/\" target=\"_blank\" rel=\"noreferrer noopener\">http:\/\/www.cirkev.cz<\/a>&nbsp;\u2013 Ofici\u00e1ln\u00ed str\u00e1nky \u010cesk\u00e9 biskupsk\u00e9 konference<\/p>\n\n\n\n<p><a href=\"http:\/\/www.ado.cz\/\" target=\"_blank\" rel=\"noreferrer noopener\">http:\/\/www.ado.cz<\/a>&nbsp;\u2013 Str\u00e1nky olomouck\u00e9ho arcibiskupstv\u00ed<br><a href=\"http:\/\/svmoric.net\/\" target=\"_blank\" rel=\"noreferrer noopener\">http:\/\/www.svmoric.net<\/a>&nbsp;\u2013 Farnost sv. Mo\u0159ice v Krom\u011b\u0159\u00ed\u017ei<br><a href=\"http:\/\/www.fatym.com\/\" target=\"_blank\" rel=\"noreferrer noopener\">http:\/\/www.fatym.com\/<\/a>&nbsp;\u2013 FATYM<\/p>\n\n\n\n<p><a href=\"http:\/\/www.vatican.va\/\" target=\"_blank\" rel=\"noreferrer noopener\">www.vatican.va<\/a>&nbsp;\u2013 Str\u00e1nky Svat\u00e9ho stolce<br><a href=\"http:\/\/www.catholic.net\/\" target=\"_blank\" rel=\"noreferrer noopener\">www.catholic.net<\/a>&nbsp;\u2013 Catholic Information Center on the Internet<\/p>\n\n\n\n<p><strong>V\u00edra na internetu:<\/strong><br><a href=\"http:\/\/www.vira.cz\/\" target=\"_blank\" rel=\"noreferrer noopener\">www.vira.cz<\/a>&nbsp;\u2013 Abeceda v\u00edry na internetu, \u010detn\u00e9 odkazy d\u00e1l v p\u0159ehledn\u00e9m uspo\u0159\u00e1d\u00e1n\u00ed<br><a href=\"http:\/\/www.pastorace.cz\/\" target=\"_blank\" rel=\"noreferrer noopener\">www.pastorace.cz<\/a>&nbsp;\u2013 Podklady pro pastora\u010dn\u00ed \u010dinnost a duchovn\u00ed \u017eivot<br><a href=\"http:\/\/ambit.hypernet.cz\/\" target=\"_blank\" rel=\"noreferrer noopener\">http:\/\/ambit.hypernet.cz<\/a>&nbsp;\u2013 Adres\u00e1\u0159 \u010desk\u00e9ho katolick\u00e9ho internetu<\/p>\n\n\n\n<p><a href=\"http:\/\/www.katolik.cz\/\" target=\"_blank\" rel=\"noreferrer noopener\">www.katolik.cz<\/a>&nbsp;\u2013 Informace, zpr\u00e1vy, duchovn\u00ed \u017eivot v \u010cesku<br><a href=\"http:\/\/www.signaly.cz\/\" target=\"_blank\" rel=\"noreferrer noopener\">www.signaly.cz<\/a>&nbsp;\u2013 Str\u00e1nky pro ml\u00e1de\u017e<br><a href=\"http:\/\/www.christnet.eu\/\" target=\"_blank\" rel=\"noreferrer noopener\">www.christnet.eu<\/a>&nbsp;\u2013 Zpravodajsk\u00fd, diskusn\u00ed k\u0159es\u0165ansk\u00fd web<\/p>\n\n\n\n<p><a href=\"http:\/\/www.biblenet.cz\/\" target=\"_blank\" rel=\"noreferrer noopener\">http:\/\/www.biblenet.cz<\/a>&nbsp;\u2013 \u010cesk\u00e1 biblick\u00e1 spole\u010dnost<br><a href=\"http:\/\/www.milujte.se\/\" target=\"_blank\" rel=\"noreferrer noopener\">http:\/\/www.milujte.se<\/a>&nbsp;\u2013 \u010casopis pro novou evangelizaci<br><a href=\"http:\/\/www.ebreviar.cz\/\" target=\"_blank\" rel=\"noreferrer noopener\">www.ebreviar.cz<\/a>&nbsp;\u2013 Denn\u00ed modlitba c\u00edrkve, brevi\u00e1\u0159 pro laiky<br><a href=\"http:\/\/www.karmelitanske-nakladatelstvi.cz\/encyklopedie.php\" target=\"_blank\" rel=\"noreferrer noopener\">www.karmelitanske-nakladatelstvi.cz\/encyklopedie.php<\/a>&nbsp;\u2013 On-line slovn\u00edk v\u00edry<\/p>\n\n\n\n<p><a href=\"http:\/\/www.sdh.cz\/\" target=\"_blank\" rel=\"noreferrer noopener\">www.sdh.cz<\/a>&nbsp;\u2013 Spole\u010dnost pro duchovn\u00ed hudbu<br><a href=\"http:\/\/www.lithudba.wz.cz\/\" target=\"_blank\" rel=\"noreferrer noopener\">www.lithudba.wz.cz<\/a>&nbsp;\u2013 Informace o liturgick\u00e9 hudb\u011b<br><a href=\"http:\/\/www.varhanici.euweb.cz\/index.html\" target=\"_blank\" rel=\"noreferrer noopener\">www.varhanici.euweb.cz\/index.htmlhttp:\/\/www.biblenet.cz<\/a>&nbsp;\u2013 Varhan\u00edci on-line<\/p>\n\n\n\n<p><strong>R\u00e1dia a TV:<\/strong><br><a href=\"http:\/\/www.tvnoe.cz\/\" target=\"_blank\" rel=\"noreferrer noopener\">http:\/\/www.tvnoe.cz<\/a>&nbsp;\u2013 Tv Noe \u2013 televize dobr\u00fdch zpr\u00e1v<br><a href=\"http:\/\/www.proglas.cz\/\" target=\"_blank\" rel=\"noreferrer noopener\">http:\/\/www.proglas.cz<\/a>&nbsp;\u2013 Radio Proglas je rozhlasov\u00e1 stanice rodinn\u00e9ho typu zalo\u017een\u00e1 na tradi\u010dn\u00edch k\u0159es\u0165ansk\u00fdch hodnot\u00e1ch<\/p>\n\n\n\n<p><strong>C\u00edrkevn\u00ed \u0161koly:<\/strong><br><a href=\"http:\/\/www.czs-km.cz\/\" target=\"_blank\" rel=\"noreferrer noopener\">www.czs-km.cz<\/a>&nbsp;\u2013 C\u00edrkevn\u00ed z\u00e1kladn\u00ed \u0161kola v Krom\u011b\u0159\u00ed\u017ei<br><a href=\"http:\/\/www.agkm.cz\/\" target=\"_blank\" rel=\"noreferrer noopener\">www.agkm.cz<\/a>&nbsp;\u2013 Arcibiskupsk\u00e9 gymn\u00e1zium v Krom\u011b\u0159\u00ed\u017ei<\/p>\n\n\n\n<p><strong>Poutn\u00ed m\u00edsta:<\/strong><br><a href=\"http:\/\/www.hostyn.cz\/\" target=\"_blank\" rel=\"noreferrer noopener\">http:\/\/www.hostyn.cz<\/a>&nbsp;\u2013 Poutn\u00ed m\u00edsto Svat\u00fd Host\u00fdn<br><a href=\"http:\/\/velehrad.maticevelehradska.cz\/\" target=\"_blank\" rel=\"noreferrer noopener\">http:\/\/velehrad.maticevelehradska.cz<\/a>&nbsp;\u2013 Str\u00e1nky farnosti a poutn\u00edho m\u00edsta Velehrad<br><a href=\"http:\/\/krtiny.katolik.cz\/\" target=\"_blank\" rel=\"noreferrer noopener\">http:\/\/krtiny.katolik.cz<\/a>&nbsp;\u2013 Mari\u00e1nsk\u00e9 poutn\u00ed m\u00edsto K\u0159tiny u Brna<br><a href=\"http:\/\/www.svatykopecek.cz\/\" target=\"_blank\" rel=\"noreferrer noopener\">http:\/\/www.svatykopecek.cz<\/a>&nbsp;\u2013 Poutn\u00ed bazilika Panny Marie na Svat\u00e9m Kope\u010dku<\/p>\n","protected":false},"excerpt":{"rendered":"<p>C\u00edrkev:http:\/\/www.cirkev.cz&nbsp;\u2013 Ofici\u00e1ln\u00ed str\u00e1nky \u010cesk\u00e9 biskupsk\u00e9 konference http:\/\/www.ado.cz&nbsp;\u2013 Str\u00e1nky olomouck\u00e9ho arcibiskupstv\u00edhttp:\/\/www.svmoric.net&nbsp;\u2013 Farnost sv. Mo\u0159ice v Krom\u011b\u0159\u00ed\u017eihttp:\/\/www.fatym.com\/&nbsp;\u2013 FATYM www.vatican.va&nbsp;\u2013 Str\u00e1nky Svat\u00e9ho stolcewww.catholic.net&nbsp;\u2013 Catholic Information Center on the Internet V\u00edra na internetu:www.vira.cz&nbsp;\u2013 Abeceda&hellip;<\/p>\n","protected":false},"author":1,"featured_media":0,"parent":0,"menu_order":0,"comment_status":"closed","ping_status":"closed","template":"","meta":{"footnotes":""},"class_list":["post-19","page","type-page","status-publish","hentry"],"_links":{"self":[{"href":"https:\/\/farnostchropyne.cz\/web\/wp-json\/wp\/v2\/pages\/19","targetHints":{"allow":["GET"]}}],"collection":[{"href":"https:\/\/farnostchropyne.cz\/web\/wp-json\/wp\/v2\/pages"}],"about":[{"href":"https:\/\/farnostchropyne.cz\/web\/wp-json\/wp\/v2\/types\/page"}],"author":[{"embeddable":true,"href":"https:\/\/farnostchropyne.cz\/web\/wp-json\/wp\/v2\/users\/1"}],"replies":[{"embeddable":true,"href":"https:\/\/farnostchropyne.cz\/web\/wp-json\/wp\/v2\/comments?post=19"}],"version-history":[{"count":3,"href":"https:\/\/farnostchropyne.cz\/web\/wp-json\/wp\/v2\/pages\/19\/revisions"}],"predecessor-version":[{"id":713,"href":"https:\/\/farnostchropyne.cz\/web\/wp-json\/wp\/v2\/pages\/19\/revisions\/713"}],"wp:attachment":[{"href":"https:\/\/farnostchropyne.cz\/web\/wp-json\/wp\/v2\/media?parent=19"}],"curies":[{"name":"wp","href":"https:\/\/api.w.org\/{rel}","templated":true}]}}