{"id":16,"date":"2024-02-13T10:10:00","date_gmt":"2024-02-13T10:10:00","guid":{"rendered":"https:\/\/farnostchropyne.cz\/web\/?page_id=16"},"modified":"2025-12-20T08:34:55","modified_gmt":"2025-12-20T08:34:55","slug":"farni-casopis","status":"publish","type":"page","link":"https:\/\/farnostchropyne.cz\/web\/farni-casopis\/","title":{"rendered":"Farn\u00ed \u010dasopis"},"content":{"rendered":"\n<p><strong>Odkaz na <a href=\"https:\/\/farnostchropyne.cz\/web\/wp-content\/uploads\/2025\/12\/FIATRIO_22_12-11_1_2026.pdf\" data-type=\"link\" data-id=\"https:\/\/farnostchropyne.cz\/web\/wp-content\/uploads\/2025\/12\/FIATRIO_22_12-11_1_2026.pdf\" target=\"_blank\" rel=\"noreferrer noopener\">Farn\u00ed \u010dasopis TRIO EXPRES zde<\/a><\/strong><\/p>\n\n\n\n<h2 class=\"wp-block-heading\">2024<\/h2>\n\n\n\n<p><a href=\"https:\/\/farnostchropyne.cz\/web\/wp-content\/uploads\/2024\/12\/2024_Vanoce.pdf\" target=\"_blank\" rel=\"noreferrer noopener\"><strong>V\u00e1noce<\/strong><\/a><\/p>\n\n\n\n<p><strong><a href=\"https:\/\/farnostchropyne.cz\/data\/farnicek\/2024_Velikonoce.pdf\" target=\"_blank\" rel=\"noreferrer noopener\">Velikonoce<\/a><\/strong><\/p>\n\n\n\n<h2 class=\"wp-block-heading\">2023<\/h2>\n\n\n\n<p><a href=\"https:\/\/farnostchropyne.cz\/data\/farnicek\/2023_Vanoce.pdf\" target=\"_blank\" rel=\"noreferrer noopener\"><strong>V\u00e1noce<\/strong><\/a><\/p>\n\n\n\n<p><strong><a href=\"https:\/\/farnostchropyne.cz\/data\/farnicek\/2023_Velikonoce.pdf\" target=\"_blank\" rel=\"noreferrer noopener\">Velikonoce<\/a><\/strong><\/p>\n\n\n\n<h2 class=\"wp-block-heading\">2022<\/h2>\n\n\n\n<p><a href=\"https:\/\/farnostchropyne.cz\/data\/farnicek\/2022_Vanoce.pdf\" target=\"_blank\" rel=\"noreferrer noopener\"><strong>V\u00e1noce<\/strong><\/a><\/p>\n\n\n\n<p><a href=\"https:\/\/farnostchropyne.cz\/data\/farnicek\/2022_Hody.pdf\" target=\"_blank\" rel=\"noreferrer noopener\"><strong>Hody<\/strong><\/a><\/p>\n\n\n\n<p><strong><a href=\"https:\/\/farnostchropyne.cz\/data\/farnicek\/2022_Velikonoce.pdf\" target=\"_blank\" rel=\"noreferrer noopener\">Velikonoce<\/a><\/strong><\/p>\n\n\n\n<h2 class=\"wp-block-heading\">2021<\/h2>\n\n\n\n<p><strong><a href=\"https:\/\/farnostchropyne.cz\/data\/farnicek\/2021_Vanoce.pdf\" target=\"_blank\" rel=\"noreferrer noopener\"><strong>V\u00e1noce<\/strong><\/a><\/strong><\/p>\n\n\n\n<p><strong><a href=\"https:\/\/farnostchropyne.cz\/data\/farnicek\/2021_Dusicky.pdf\" target=\"_blank\" rel=\"noreferrer noopener\"><strong>Du\u0161i\u010dky<\/strong><\/a><\/strong><\/p>\n\n\n\n<p><strong><a href=\"https:\/\/farnostchropyne.cz\/data\/farnicek\/2021_Velikonoce.pdf\" target=\"_blank\" rel=\"noreferrer noopener\"><strong>Velikonoce<\/strong><\/a><\/strong><\/p>\n\n\n\n<h2 class=\"wp-block-heading\">2020<\/h2>\n\n\n\n<p><strong><a href=\"https:\/\/farnostchropyne.cz\/data\/farnicek\/2020_Vanoce.pdf\" target=\"_blank\" rel=\"noreferrer noopener\"><strong>V\u00e1noce<\/strong><\/a><\/strong><\/p>\n\n\n\n<p><strong><a href=\"https:\/\/farnostchropyne.cz\/data\/farnicek\/2020_Dusicky.pdf\" target=\"_blank\" rel=\"noreferrer noopener\"><strong>Du\u0161i\u010dky<\/strong><\/a><\/strong><\/p>\n\n\n\n<p><strong><a href=\"https:\/\/farnostchropyne.cz\/data\/farnicek\/2020_Velikonoce.pdf\" target=\"_blank\" rel=\"noreferrer noopener\"><strong>Velikonoce<\/strong><\/a><\/strong><\/p>\n","protected":false},"excerpt":{"rendered":"<p>Odkaz na Farn\u00ed \u010dasopis TRIO EXPRES zde 2024 V\u00e1noce Velikonoce 2023 V\u00e1noce Velikonoce 2022 V\u00e1noce Hody Velikonoce 2021 V\u00e1noce Du\u0161i\u010dky Velikonoce 2020 V\u00e1noce Du\u0161i\u010dky Velikonoce<\/p>\n","protected":false},"author":1,"featured_media":0,"parent":0,"menu_order":0,"comment_status":"closed","ping_status":"closed","template":"","meta":{"footnotes":""},"class_list":["post-16","page","type-page","status-publish","hentry"],"_links":{"self":[{"href":"https:\/\/farnostchropyne.cz\/web\/wp-json\/wp\/v2\/pages\/16","targetHints":{"allow":["GET"]}}],"collection":[{"href":"https:\/\/farnostchropyne.cz\/web\/wp-json\/wp\/v2\/pages"}],"about":[{"href":"https:\/\/farnostchropyne.cz\/web\/wp-json\/wp\/v2\/types\/page"}],"author":[{"embeddable":true,"href":"https:\/\/farnostchropyne.cz\/web\/wp-json\/wp\/v2\/users\/1"}],"replies":[{"embeddable":true,"href":"https:\/\/farnostchropyne.cz\/web\/wp-json\/wp\/v2\/comments?post=16"}],"version-history":[{"count":7,"href":"https:\/\/farnostchropyne.cz\/web\/wp-json\/wp\/v2\/pages\/16\/revisions"}],"predecessor-version":[{"id":1307,"href":"https:\/\/farnostchropyne.cz\/web\/wp-json\/wp\/v2\/pages\/16\/revisions\/1307"}],"wp:attachment":[{"href":"https:\/\/farnostchropyne.cz\/web\/wp-json\/wp\/v2\/media?parent=16"}],"curies":[{"name":"wp","href":"https:\/\/api.w.org\/{rel}","templated":true}]}}