{"id":14,"date":"2024-02-13T10:09:38","date_gmt":"2024-02-13T10:09:38","guid":{"rendered":"https:\/\/farnostchropyne.cz\/web\/?page_id=14"},"modified":"2026-05-02T06:48:45","modified_gmt":"2026-05-02T06:48:45","slug":"aktuality","status":"publish","type":"page","link":"https:\/\/farnostchropyne.cz\/web\/","title":{"rendered":"Aktuality"},"content":{"rendered":"\n<p><em>Od ledna 2026 je&nbsp;P. pplk. Mgr. Josef KONE\u010cN\u00dd jmenov\u00e1n&nbsp;dekretem pro farnost Chropyn\u011b&nbsp;far\u00e1\u0159em&nbsp;a pro farnost B\u0159est administr\u00e1torem excurrendo.&nbsp;<\/em>V p\u0159\u00edpad\u011b pot\u0159eby zaji\u0161t\u011bn\u00ed n\u00e1v\u0161t\u011bvy kn\u011bze, zaopat\u0159en\u00ed nemocn\u00e9&nbsp;osoby, poh\u0159bu, ud\u00edlen\u00ed sv\u00e1tost\u00ed aj. kontaktujte pros\u00edm o. Josefa na tel.&nbsp;\u010d.&nbsp; 724 244 793.<\/p>\n\n\n\n<p><em>Farnost Kyselovice z\u016fst\u00e1v\u00e1 pod spr\u00e1vou Krom\u011b\u0159\u00ed\u017ee a far\u00e1\u0159em je zde P. Pavel Hof\u00edrek.<\/em><\/p>\n\n\n\n<p><em>M\u0161e svat\u00e9 budou ve stejn\u00e9m \u010dase jako doposud.&nbsp;<\/em><br><em><u>Chropyn\u011b:&nbsp;<\/u>ve st\u0159edu v 18 hod. a v ned\u011bli v 9 hod.&nbsp;<\/em><br><em><u>B\u0159est:&nbsp;<\/u>v&nbsp;p\u00e1tek v 18 hod. a v ned\u011bli v 10:30 hod.<\/em><br><em><u>Kyselovice:<\/u>&nbsp;v sobotu v 18 hod. s ned\u011bln\u00ed platnost\u00ed.<\/em><\/p>\n\n\n\n<p><strong>Rozpis \u010dten\u00ed Chropyn\u011b lekto\u0159i \u2013&nbsp;<a href=\"https:\/\/farnostchropyne.cz\/web\/wp-content\/uploads\/2026\/04\/rozpis_lektori_Chropyne.pdf\" target=\"_blank\" rel=\"noreferrer noopener\"><u><strong>zde<\/strong><\/u><\/a>&nbsp;<\/strong><br><strong>Rozpis \u010dten\u00ed B\u0159est lekto\u0159i \u2013&nbsp;<a href=\"https:\/\/farnostchropyne.cz\/web\/wp-content\/uploads\/2026\/03\/rozpis_lektori_Brest.pdf\" target=\"_blank\" rel=\"noreferrer noopener\"><u><strong>zde<\/strong><\/u><\/a>&nbsp;<\/strong><br><strong>&nbsp;<\/strong><br><strong>Rozpis \u00faklid kostela B\u0159est&nbsp; \u2013&nbsp;<a href=\"https:\/\/farnostchropyne.cz\/web\/wp-content\/uploads\/2026\/03\/uklid_kostela_Brest.pdf\" target=\"_blank\" rel=\"noreferrer noopener\"><u><strong>zde<\/strong><\/u><\/a>&nbsp;<\/strong><br><strong>Rozpis \u00faklid kostela Chropyn\u011b \u2013&nbsp;<a href=\"https:\/\/farnostchropyne.cz\/web\/wp-content\/uploads\/2025\/04\/uklid_kostela_Chropyne_2025.pdf\" target=\"_blank\" rel=\"noreferrer noopener\"><u><strong>zde<\/strong><\/u><\/a>&nbsp;<\/strong><\/p>\n\n\n\n<p><strong>Rozpis k\u0159\u00ed\u017eov\u00e9 cesty 2026 \u2013&nbsp;<u><strong><a href=\"https:\/\/farnostchropyne.cz\/web\/wp-content\/uploads\/2026\/02\/rozpis_krizove_cesty_2026.pdf\" target=\"_blank\" rel=\"noreferrer noopener\">zde<\/a><\/strong><\/u>&nbsp;<\/strong><\/p>\n\n\n\n<p><strong>Bez ned\u011ble nem\u016f\u017eeme \u017e\u00edt: Spou\u0161t\u00ed se prvn\u00ed pil\u00ed\u0159 projektu Propojeni &#8211; C\u00edrkev.cz | Zpr\u00e1vy<\/strong><br><strong><a href=\"https:\/\/www.cirkev.cz\/bez-nedele-nemuzeme-zit-spousti-se-prvni-pilir-projektu-propojeni_68019\" target=\"_blank\" rel=\"noreferrer noopener\">https:\/\/www.cirkev.cz\/bez-nedele-nemuzeme-zit-spousti-se-prvni-pilir-projektu-propojeni_68019<\/a><\/strong><br><a href=\"https:\/\/www.cirkev.cz\/propojeni-ve-farni-rodine-videa-ke-druhemu-piliri_69467\" target=\"_blank\" rel=\"noreferrer noopener\"><strong>https:\/\/www.cirkev.cz\/propojeni-ve-farni-rodine-videa-ke-druhemu-piliri_69467<\/strong><\/a><br><a href=\"https:\/\/www.ado.cz\/2026\/03\/30\/farni-rodina-je-zakladni-bunkou-dieceze-druhy-pilir-projektu-propojeni\/\" target=\"_blank\" rel=\"noreferrer noopener\"><strong>https:\/\/www.ado.cz\/2026\/03\/30\/farni-rodina-je-zakladni-bunkou-dieceze-druhy-pilir-projektu-propojeni\/<\/strong><\/a><a href=\"https:\/\/www.cirkev.cz\/propojeni-ve-farni-rodine-videa-ke-druhemu-piliri_69467\"><br><\/a><br><strong>Mo\u017enost sledovat online m\u0161e z r\u016fzn\u00fdch farnost\u00ed&nbsp;<a href=\"https:\/\/mseonline.cz\/\" target=\"_blank\" rel=\"noreferrer noopener\"><strong>zde<\/strong><\/a><\/strong><br><strong>\u017div\u00e9 p\u0159enosy z kostel\u016f v \u0158KF B\u00e1nov, kde p\u016fsob\u00ed P. Ji\u0159\u00ed Putala m\u016f\u017eete sledovat zde:&nbsp;<a href=\"https:\/\/www.farnost-banov.cz\/inpage\/kamera\/\" target=\"_blank\" rel=\"noreferrer noopener\">https:\/\/www.farnost-banov.cz\/inpage\/kamera\/<\/a><\/strong><\/p>\n\n\n\n<p><\/p>\n\n\n\n<p><strong>T\u00fdden modliteb za duchovn\u00ed povol\u00e1n\u00ed 2026<\/strong>: <a href=\"https:\/\/www.cirkev.cz\/tyden-modliteb-za-duchovni-povolani-2026_69629\" target=\"_blank\" rel=\"noreferrer noopener\"><strong>https:\/\/www.cirkev.cz\/tyden-modliteb-za-duchovni-povolani-2026_69629<\/strong><\/a><\/p>\n\n\n\n<figure class=\"wp-block-image size-large is-resized\"><img loading=\"lazy\" decoding=\"async\" width=\"724\" height=\"1024\" src=\"https:\/\/farnostchropyne.cz\/web\/wp-content\/uploads\/2026\/05\/Pout-do-Stare-Vody-u-Libave-724x1024.jpg\" alt=\"\" class=\"wp-image-1631\" style=\"width:840px;height:auto\" srcset=\"https:\/\/farnostchropyne.cz\/web\/wp-content\/uploads\/2026\/05\/Pout-do-Stare-Vody-u-Libave-724x1024.jpg 724w, https:\/\/farnostchropyne.cz\/web\/wp-content\/uploads\/2026\/05\/Pout-do-Stare-Vody-u-Libave-212x300.jpg 212w, https:\/\/farnostchropyne.cz\/web\/wp-content\/uploads\/2026\/05\/Pout-do-Stare-Vody-u-Libave-768x1086.jpg 768w, https:\/\/farnostchropyne.cz\/web\/wp-content\/uploads\/2026\/05\/Pout-do-Stare-Vody-u-Libave-1086x1536.jpg 1086w, https:\/\/farnostchropyne.cz\/web\/wp-content\/uploads\/2026\/05\/Pout-do-Stare-Vody-u-Libave-1448x2048.jpg 1448w, https:\/\/farnostchropyne.cz\/web\/wp-content\/uploads\/2026\/05\/Pout-do-Stare-Vody-u-Libave.jpg 1587w\" sizes=\"auto, (max-width: 724px) 100vw, 724px\" \/><\/figure>\n\n\n\n<figure class=\"wp-block-image size-full is-resized\"><img loading=\"lazy\" decoding=\"async\" width=\"693\" height=\"919\" src=\"https:\/\/farnostchropyne.cz\/web\/wp-content\/uploads\/2026\/04\/image-5.png\" alt=\"\" class=\"wp-image-1591\" style=\"width:840px;height:auto\" srcset=\"https:\/\/farnostchropyne.cz\/web\/wp-content\/uploads\/2026\/04\/image-5.png 693w, https:\/\/farnostchropyne.cz\/web\/wp-content\/uploads\/2026\/04\/image-5-226x300.png 226w\" sizes=\"auto, (max-width: 693px) 100vw, 693px\" \/><\/figure>\n\n\n\n<p><\/p>\n\n\n\n<figure class=\"wp-block-image size-large\"><img loading=\"lazy\" decoding=\"async\" width=\"1024\" height=\"922\" src=\"https:\/\/farnostchropyne.cz\/web\/wp-content\/uploads\/2026\/03\/image-8-1024x922.png\" alt=\"\" class=\"wp-image-1537\" srcset=\"https:\/\/farnostchropyne.cz\/web\/wp-content\/uploads\/2026\/03\/image-8-1024x922.png 1024w, https:\/\/farnostchropyne.cz\/web\/wp-content\/uploads\/2026\/03\/image-8-300x270.png 300w, https:\/\/farnostchropyne.cz\/web\/wp-content\/uploads\/2026\/03\/image-8-768x691.png 768w, https:\/\/farnostchropyne.cz\/web\/wp-content\/uploads\/2026\/03\/image-8.png 1319w\" sizes=\"auto, (max-width: 1024px) 100vw, 1024px\" \/><\/figure>\n\n\n\n<figure class=\"wp-block-image size-full is-resized\"><img loading=\"lazy\" decoding=\"async\" width=\"583\" height=\"860\" src=\"https:\/\/farnostchropyne.cz\/web\/wp-content\/uploads\/2026\/01\/image-15.png\" alt=\"\" class=\"wp-image-1422\" style=\"width:840px;height:auto\" srcset=\"https:\/\/farnostchropyne.cz\/web\/wp-content\/uploads\/2026\/01\/image-15.png 583w, https:\/\/farnostchropyne.cz\/web\/wp-content\/uploads\/2026\/01\/image-15-203x300.png 203w\" sizes=\"auto, (max-width: 583px) 100vw, 583px\" \/><\/figure>\n\n\n\n<figure class=\"wp-block-gallery has-nested-images columns-default is-cropped wp-block-gallery-1 is-layout-flex wp-block-gallery-is-layout-flex\"><\/figure>\n\n\n\n<p><\/p>\n\n\n\n<p><strong>Charita Krom\u011b\u0159\u00ed\u017e &#8211; dopis do d\u011bkan\u00e1tu \u2013&nbsp;<a href=\"https:\/\/farnostchropyne.cz\/web\/wp-content\/uploads\/2024\/12\/Dopis-do-dekanatu.pdf\" target=\"_blank\" rel=\"noreferrer noopener\"><u><strong>zde<\/strong><\/u><\/a><\/strong><\/p>\n\n\n\n<p><strong>DON\u00c1TOR<\/strong><\/p>\n\n\n\n<p>V olomouck\u00e9 arcidiec\u00e9zi vznikl mzdov\u00fd fond na podporu kn\u011b\u017e\u00ed a pastorace s&nbsp;n\u00e1zvem Don\u00e1tor. \u201e<em>Jeho prvo\u0159ad\u00fdm c\u00edlem je vytvo\u0159it velkou rodinu mal\u00fdch d\u00e1rc\u016f, kter\u00fdm z\u00e1le\u017e\u00ed na budoucnosti c\u00edrkve a budou se pravideln\u00fdm finan\u010dn\u00edm darem pod\u00edlet na zaji\u0161t\u011bn\u00ed mezd pro kn\u011bze,\u201c<\/em> \u0159\u00edk\u00e1 biskupsk\u00fd vik\u00e1\u0159 pro evangelizaci a spr\u00e1vce fondu P. Zden\u011bk Stod\u016flka.<\/p>\n\n\n\n<p>V&nbsp;na\u0161\u00ed diec\u00e9zi byl spu\u0161t\u011bn p\u0159ed p\u016fl rokem a v Brn\u011bnsk\u00e9 diec\u00e9zi tento projekt funguje u\u017e 10 let.<\/p>\n\n\n\n<p><em>\u201eU\u010d\u00edme se vn\u00edmat, \u017ee bez spolu\u00fa\u010dasti v\u011b\u0159\u00edc\u00edch na financov\u00e1n\u00ed \u017eivota c\u00edrkve se do budoucna neobejdeme. A jako pot\u0159ebn\u00e9 se ukazuje zapojit tak\u00e9 farnosti,\u201c<\/em> shrnuje arcibiskup Josef Nuz\u00edk a d\u016fvody k&nbsp;hled\u00e1n\u00ed nov\u00e9ho zp\u016fsobu financov\u00e1n\u00ed pak vysv\u011btluje: <em>\u201eU\u017e od roku 2029 st\u00e1t p\u0159estane vypl\u00e1cet p\u0159\u00edsp\u011bvek na mzdy duchovn\u00edch a p\u0159ed n\u00e1mi stoj\u00ed velk\u00e1 v\u00fdzva: financovat mzdy duchovn\u00edch v&nbsp;pln\u00e9 v\u00fd\u0161i z&nbsp;vlastn\u00edch zdroj\u016f \u2013 z&nbsp;hospod\u00e1\u0159sk\u00e9 \u010dinnosti a tak\u00e9 z&nbsp;projevu solidarity v\u011b\u0159\u00edc\u00edch.\u201c<\/em><\/p>\n\n\n\n<p>Nejv\u011bt\u0161\u00ed n\u00e1kladovou polo\u017eku p\u0159itom podle ekonoma tvo\u0159\u00ed v\u00fddaje na mzdy v hlavn\u00ed \u010dinnosti arcibiskupstv\u00ed, tedy pro kn\u011bze a pracovn\u00edky pastora\u010dn\u00edch center. \u201e<em>Celkov\u00e9 mzdov\u00e9 n\u00e1klady zde p\u0159edstavuj\u00ed 108,6 milionu korun. St\u00e1tn\u00ed p\u0159\u00edsp\u011bvek v roce 2024 \u010dinil 90,4 milionu korun, zbytek je kryt sb\u00edrkou na slu\u017en\u00e9 duchovn\u00edch (7,7 mil. K\u010d), mzdov\u00fdmi fondy (6,2 mil. K\u010d) a hospod\u00e1\u0159skou \u010dinnost\u00ed,\u201c <\/em>popsal Pirkl s&nbsp;t\u00edm, \u017ee arcibiskupstv\u00ed v&nbsp;roce 2024 zam\u011bstn\u00e1valo 489 pracovn\u00edk\u016f, z&nbsp;toho na pln\u00fd \u00favazek 390 zam\u011bstnanc\u016f.<\/p>\n\n\n\n<p>Mal\u00ed d\u00e1rci \u2013 don\u00e1to\u0159i \u2013 mohou pomoci sn\u00ed\u017eit nebo zcela uhradit \u010d\u00e1stku, kterou m\u00e1 na mzdy odv\u00e9st farnost. Ka\u017ed\u00fd don\u00e1tor toti\u017e daruje za konkr\u00e9tn\u00ed farnost<em>. \u201eZ \u00favahy nad pr\u016fm\u011brn\u00fdm po\u010dtem \u00fa\u010dastn\u00edk\u016f ned\u011bln\u00edch bohoslu\u017eeb a pot\u0159ebnou \u010d\u00e1stkou, kter\u00e1 pom\u016f\u017ee mzdy duchovn\u00edch dofinancovat, vyplynulo doporu\u010den\u00fdch <strong>600&nbsp;K\u010d ro\u010dn\u011b za dosp\u011blou osobu<\/strong>. M\u011bs\u00ed\u010dn\u011b je to jedna pades\u00e1tikoruna tj. cena k\u00e1vy v&nbsp;b\u011b\u017en\u00e9 kav\u00e1rn\u011b. Z&nbsp;toho tak\u00e9 vzniklo na\u0161e heslo \u201a<strong>V\u011bnuj jednu k\u00e1vu m\u011bs\u00ed\u010dn\u011b sv\u00e9 farnosti\u2018,<\/strong>\u201c<\/em> \u0159\u00edk\u00e1 P. Stod\u016flka.<\/p>\n\n\n\n<p>Za farnost Chropyn\u011b jsme m\u011bli v roce 2025 do fondu DON\u00c1TOR odv\u00e9st 37.800 K\u010d.<\/p>\n\n\n\n<p>Dary od 9ti don\u00e1tor\u016f (14%) byly 16.900 K\u010d a 13.761 K\u010d se vybralo do pokladni\u010dky v kostele (zasl\u00e1no koordin\u00e1torem). Celkem tyto dary byly 30.661 K\u010d.<\/p>\n\n\n\n<p>Sb\u00edrka na fond don\u00e1tor z 20. 4. 2025 \u010dinila 7.078 K\u010d.<\/p>\n\n\n\n<p>Do fondu DON\u00c1TOR za Farnost Chropyn\u011b zb\u00fdv\u00e1 zaslat 61 K\u010d.&nbsp;&nbsp;&nbsp;&nbsp;&nbsp;&nbsp;&nbsp;&nbsp;&nbsp;&nbsp;&nbsp;&nbsp;&nbsp;&nbsp;&nbsp;&nbsp;&nbsp;&nbsp;&nbsp;&nbsp;&nbsp;&nbsp;&nbsp;&nbsp;&nbsp;&nbsp;&nbsp;&nbsp;&nbsp;&nbsp;&nbsp;&nbsp; &nbsp;&nbsp;&nbsp;&nbsp;&nbsp;&nbsp;&nbsp;&nbsp;&nbsp;&nbsp;&nbsp;&nbsp;&nbsp;&nbsp;&nbsp;&nbsp;&nbsp;&nbsp;&nbsp;&nbsp;&nbsp;&nbsp;&nbsp;&nbsp;&nbsp;&nbsp;<\/p>\n\n\n\n<p>Tyto informace o p\u0159\u00edsp\u011bvku farnosti do fondu za rok 2025 jsou k 31.12.2025.<\/p>\n\n\n\n<p>V\u00edce na <a href=\"https:\/\/olomouc.donator.cz\/projektpuls\/1200\" target=\"_blank\" rel=\"noreferrer noopener\">https:\/\/olomouc.donator.cz\/projektpuls\/1200<\/a><br><br>Pokud se za na\u0161i farnost nepoda\u0159\u00ed do fondu p\u0159isp\u011bt po\u017eadovanou \u010d\u00e1stkou, bude muset farnost tyto pen\u00edze odv\u00e9st z m\u011bs\u00ed\u010dn\u00edch sb\u00edrek na opravy a t\u00edm se zkr\u00e1t\u00ed prost\u0159edky pro pot\u0159eby farnosti.<\/p>\n\n\n\n<p>Do fondu lze p\u0159isp\u011bt r\u016fzn\u00fdmi zp\u016fsoby. Nejl\u00e9pe jako registrovan\u00fd don\u00e1tor registrac\u00ed p\u0159es webov\u00e9 str\u00e1nky donator.cz nebo p\u00edsemn\u011b p\u0159es p\u0159ihl\u00e1\u0161ku (jsou k dispozici na stolku vzadu v kostele). Ka\u017ed\u00fd registrovan\u00fd d\u00e1rce obdr\u017e\u00ed po\u0161tou kartu don\u00e1tora. Dr\u017eitel t\u00e9to karty m\u00e1 r\u016fzn\u00e9 v\u00fdhody a bonusy mj. uplatnit si dar jako odpo\u010det na dani.<\/p>\n\n\n\n<p>Dal\u0161\u00ed formou p\u0159\u00edsp\u011bvku je p\u0159es koordin\u00e1tora (farn\u00edci p\u0159edaj\u00ed dary koordin\u00e1torovi a ten je potom odevzd\u00e1 panu far\u00e1\u0159i) a nebo darem p\u0159\u00edmo panu far\u00e1\u0159i a ten tyto dary po\u0161le na \u00fa\u010det donator.cz za farnost.<\/p>\n\n\n\n<p>Je\u0161t\u011b je tu jedna mo\u017enost, kdo by cht\u011bl z\u016fstat v&nbsp;anonymit\u011b, tak m\u016f\u017ee p\u0159\u00edsp\u011bvek d\u00e1t do ozna\u010den\u00e9 pokladni\u010dky vzadu pod k\u00farem. Pov\u011b\u0159en\u00e9 osoby za po\u010d\u00edt\u00e1n\u00ed sb\u00edrek je potom odevzdaj\u00ed panu far\u00e1\u0159i, kter\u00fd je po\u0161le na \u00fa\u010det donator.cz za farnost.<\/p>\n\n\n\n<p>D\u011bkujeme v\u0161em, kte\u0159\u00ed podpo\u0159\u00edte na\u0161i farnost jako registrovan\u00ed don\u00e1to\u0159i a nebo anonymn\u011b.<\/p>\n\n\n\n<p>Kde se m\u016f\u017eu zapojit?&nbsp; <a href=\"https:\/\/olomouc.donator.cz\/\" target=\"_blank\" rel=\"noreferrer noopener\">https:\/\/olomouc.donator.cz\/<\/a><\/p>\n\n\n\n<p><a href=\"https:\/\/www.ado.cz\/wp-content\/uploads\/2025\/09\/vyrocni-zprava-2024.pdf\" target=\"_blank\" rel=\"noreferrer noopener\">https:\/\/www.ado.cz\/wp-content\/uploads\/2025\/09\/vyrocni-zprava-2024.pdf<\/a><\/p>\n\n\n\n<p><a href=\"https:\/\/www.ado.cz\/2025\/02\/10\/jedna-kava-mesicne-mzdovy-fond-donator-pomuze-dofinancovat-mzdy-knezi\/\" target=\"_blank\" rel=\"noreferrer noopener\">https:\/\/www.ado.cz\/2025\/02\/10\/jedna-kava-mesicne-mzdovy-fond-donator-pomuze-dofinancovat-mzdy-knezi\/ <\/a><\/p>\n\n\n\n<p><\/p>\n\n\n\n<p><strong>Fond don\u00e1tor<\/strong><\/p>\n\n\n\n<a href=\"https:\/\/olomouc.donator.cz\/projektpuls\/1200\" target=\"_blank\"><img decoding=\"async\" src=\"https:\/\/olomouc.donator.cz\/SVG\/plugin970banner\/1200.svg\" alt=\"Don\u00e1tor.cz - farnost Chropyn\u011b\"  \/><\/a>\n<a href=\"https:\/\/olomouc.donator.cz\/projektpuls\/1056\" target=\"_blank\"><img decoding=\"async\" src=\"https:\/\/olomouc.donator.cz\/SVG\/plugin970banner\/1056.svg\" alt=\"Don\u00e1tor.cz - farnost B\u0159est\"  \/><\/a>\n<a href=\"https:\/\/olomouc.donator.cz\/projektpuls\/1286\" target=\"_blank\"><img decoding=\"async\" src=\"https:\/\/olomouc.donator.cz\/SVG\/plugin970banner\/1286.svg\" alt=\"Don\u00e1tor.cz - farnost Kyselovice\"  \/><\/a>\n\n\n\n<p><\/p>\n\n\n\n<p><\/p>\n\n\n\n<p><\/p>\n","protected":false},"excerpt":{"rendered":"<p>Od ledna 2026 je&nbsp;P. pplk. Mgr. Josef KONE\u010cN\u00dd jmenov\u00e1n&nbsp;dekretem pro farnost Chropyn\u011b&nbsp;far\u00e1\u0159em&nbsp;a pro farnost B\u0159est administr\u00e1torem excurrendo.&nbsp;V p\u0159\u00edpad\u011b pot\u0159eby zaji\u0161t\u011bn\u00ed n\u00e1v\u0161t\u011bvy kn\u011bze, zaopat\u0159en\u00ed nemocn\u00e9&nbsp;osoby, poh\u0159bu, ud\u00edlen\u00ed sv\u00e1tost\u00ed aj. kontaktujte pros\u00edm&hellip;<\/p>\n","protected":false},"author":1,"featured_media":0,"parent":0,"menu_order":0,"comment_status":"closed","ping_status":"closed","template":"","meta":{"footnotes":""},"class_list":["post-14","page","type-page","status-publish","hentry"],"_links":{"self":[{"href":"https:\/\/farnostchropyne.cz\/web\/wp-json\/wp\/v2\/pages\/14","targetHints":{"allow":["GET"]}}],"collection":[{"href":"https:\/\/farnostchropyne.cz\/web\/wp-json\/wp\/v2\/pages"}],"about":[{"href":"https:\/\/farnostchropyne.cz\/web\/wp-json\/wp\/v2\/types\/page"}],"author":[{"embeddable":true,"href":"https:\/\/farnostchropyne.cz\/web\/wp-json\/wp\/v2\/users\/1"}],"replies":[{"embeddable":true,"href":"https:\/\/farnostchropyne.cz\/web\/wp-json\/wp\/v2\/comments?post=14"}],"version-history":[{"count":270,"href":"https:\/\/farnostchropyne.cz\/web\/wp-json\/wp\/v2\/pages\/14\/revisions"}],"predecessor-version":[{"id":1632,"href":"https:\/\/farnostchropyne.cz\/web\/wp-json\/wp\/v2\/pages\/14\/revisions\/1632"}],"wp:attachment":[{"href":"https:\/\/farnostchropyne.cz\/web\/wp-json\/wp\/v2\/media?parent=14"}],"curies":[{"name":"wp","href":"https:\/\/api.w.org\/{rel}","templated":true}]}}